{"id":87,"date":"2021-07-05T17:19:55","date_gmt":"2021-07-05T15:19:55","guid":{"rendered":"https:\/\/wp.zim.uni-passau.de\/unnahbar\/?page_id=87"},"modified":"2024-10-26T16:40:09","modified_gmt":"2024-10-26T14:40:09","slug":"about","status":"publish","type":"page","link":"https:\/\/wp.zim.uni-passau.de\/unnahbar\/about\/","title":{"rendered":"About"},"content":{"rendered":"\n<figure class=\"wp-block-image alignwide size-large\"><img loading=\"lazy\" decoding=\"async\" width=\"1024\" height=\"640\" src=\"https:\/\/wp.zim.uni-passau.de\/unnahbar\/wp-content\/uploads\/sites\/8\/2021\/07\/Gruppenfoto-FINAL-scaled-e1626357895820-1024x640.jpg\" alt=\"\" class=\"wp-image-1212\" srcset=\"https:\/\/wp.zim.uni-passau.de\/unnahbar\/wp-content\/uploads\/sites\/8\/2021\/07\/Gruppenfoto-FINAL-scaled-e1626357895820-1024x640.jpg 1024w, https:\/\/wp.zim.uni-passau.de\/unnahbar\/wp-content\/uploads\/sites\/8\/2021\/07\/Gruppenfoto-FINAL-scaled-e1626357895820-300x188.jpg 300w, https:\/\/wp.zim.uni-passau.de\/unnahbar\/wp-content\/uploads\/sites\/8\/2021\/07\/Gruppenfoto-FINAL-scaled-e1626357895820-768x480.jpg 768w, https:\/\/wp.zim.uni-passau.de\/unnahbar\/wp-content\/uploads\/sites\/8\/2021\/07\/Gruppenfoto-FINAL-scaled-e1626357895820-1536x961.jpg 1536w, https:\/\/wp.zim.uni-passau.de\/unnahbar\/wp-content\/uploads\/sites\/8\/2021\/07\/Gruppenfoto-FINAL-scaled-e1626357895820-2048x1281.jpg 2048w, https:\/\/wp.zim.uni-passau.de\/unnahbar\/wp-content\/uploads\/sites\/8\/2021\/07\/Gruppenfoto-FINAL-scaled-e1626357895820-1400x876.jpg 1400w\" sizes=\"auto, (max-width: 1024px) 100vw, 1024px\" \/><\/figure>\n\n\n\n<p>In f\u00fcnf Tagen im Newsroom mit durchschnittlich vier Stunden Schlaf pro Nacht und unz\u00e4hligen Momenten am Rande des Wahnsinns lag das Schreiben dieses Editorials die meiste Zeit in ganz weiter Entfernung. Eigentlich aber nur logisch, ist doch das Thema dieses Magazins genau das: Distanz.<\/p>\n\n\n\n<p>Distanz &#8211; dieses Wort begleitet die Welt nun schon eine ganze Weile. Abstand halten, N\u00e4he vermeiden, niemanden umarmen, am besten allein sein. Uns \u2014 die Redaktion von [un]nahbar \u2014 begleitet die Distanz ganz besonders seit Beginn der Journalismus Masterclass 2021. Ein Magazin w\u00e4hrend einer weltweiten Pandemie zu erstellen, ist in vielerlei Hinsicht eine Herausforderung. Deshalb w\u00e4re es nat\u00fcrlich naheliegend, in diesem Editorial die Geschichte zu erz\u00e4hlen, wie wir uns in Zoom-Meetings getroffen, Interviews per Telefon gef\u00fchrt, Videoequipment durch halb Deutschland geschickt und allein zu Hause vor uns hin produziert haben. Stattdessen aber sind wir in den letzten Wochen vor allem eines: zusammenger\u00fcckt. Nicht r\u00e4umlich, aber im Gef\u00fchl. Gemeinsam ein Magazin zu produzieren schwei\u00dft auf eine besondere Art und Weise zusammen. Wir sind eine Redaktion geworden.&nbsp;<\/p>\n\n\n\n<p>Im Lauf unserer Recherche haben wir festgestellt, dass sich auch ohne Pandemie Distanz und ihr Gegenst\u00fcck N\u00e4he durch die verschiedensten Bereiche des Lebens ziehen. Genauso haben wir schlie\u00dflich den Begriff Distanz in die verschiedensten Richtungen interpretiert. Geographisch, zwischenmenschlich, emotional, professionell. Wir waren nah dran an Lebensgeschichten, weit au\u00dferhalb unserer Komfortzonen, vertraut mit unseren Themen. Und schlie\u00dflich ganz weit weg von ausgeschlafen, gelassen und koffeinfreiem Kaffee.&nbsp;<\/p>\n\n\n\n<p>Entstanden ist dabei [un]nahbar \u2014 ein Projekt am <a href=\"https:\/\/www.sobi.uni-passau.de\/kommunikationswissenschaft\">Lehrstuhl Kommunikationswissenschaft<\/a> der Universit\u00e4t Passau. Viel Spa\u00df beim Lesen, H\u00f6ren und Ansehen!<\/p>\n\n\n\n<p>Die Redaktion<\/p>\n\n\n\n<div class=\"wp-block-columns is-layout-flex wp-container-core-columns-is-layout-9d6595d7 wp-block-columns-is-layout-flex\">\n<div class=\"wp-block-column is-layout-flow wp-block-column-is-layout-flow\"><\/div>\n\n\n\n<div class=\"wp-block-column is-layout-flow wp-block-column-is-layout-flow\"><div class=\"aligncenter  wp-block-site-logo\"><a href=\"https:\/\/wp.zim.uni-passau.de\/unnahbar\/\" class=\"custom-logo-link\" rel=\"home\"><img loading=\"lazy\" decoding=\"async\" width=\"235\" height=\"235\" src=\"https:\/\/wp.zim.uni-passau.de\/unnahbar\/wp-content\/uploads\/sites\/8\/2021\/07\/Logo_JMC-2021.png\" class=\"custom-logo\" alt=\"[Un]nahbar\" srcset=\"https:\/\/wp.zim.uni-passau.de\/unnahbar\/wp-content\/uploads\/sites\/8\/2021\/07\/Logo_JMC-2021.png 2223w, https:\/\/wp.zim.uni-passau.de\/unnahbar\/wp-content\/uploads\/sites\/8\/2021\/07\/Logo_JMC-2021-300x300.png 300w, https:\/\/wp.zim.uni-passau.de\/unnahbar\/wp-content\/uploads\/sites\/8\/2021\/07\/Logo_JMC-2021-1024x1024.png 1024w, https:\/\/wp.zim.uni-passau.de\/unnahbar\/wp-content\/uploads\/sites\/8\/2021\/07\/Logo_JMC-2021-150x150.png 150w, https:\/\/wp.zim.uni-passau.de\/unnahbar\/wp-content\/uploads\/sites\/8\/2021\/07\/Logo_JMC-2021-768x768.png 768w, https:\/\/wp.zim.uni-passau.de\/unnahbar\/wp-content\/uploads\/sites\/8\/2021\/07\/Logo_JMC-2021-1536x1536.png 1536w, https:\/\/wp.zim.uni-passau.de\/unnahbar\/wp-content\/uploads\/sites\/8\/2021\/07\/Logo_JMC-2021-2048x2048.png 2048w, https:\/\/wp.zim.uni-passau.de\/unnahbar\/wp-content\/uploads\/sites\/8\/2021\/07\/Logo_JMC-2021-700x700.png 700w, https:\/\/wp.zim.uni-passau.de\/unnahbar\/wp-content\/uploads\/sites\/8\/2021\/07\/Logo_JMC-2021-1400x1400.png 1400w\" sizes=\"auto, (max-width: 235px) 100vw, 235px\" data-original=\"https:\/\/wp.zim.uni-passau.de\/unnahbar\/wp-content\/uploads\/sites\/8\/2021\/07\/Logo_JMC-2021.png\" \/><\/a><\/div><\/div>\n\n\n\n<div class=\"wp-block-column is-layout-flow wp-block-column-is-layout-flow\"><\/div>\n<\/div>\n<script language='javascript' type='text\/javascript'>function getWR360PopupSkin(){return 'light_clean';}<\/script>","protected":false},"excerpt":{"rendered":"<p>In f\u00fcnf Tagen im Newsroom mit durchschnittlich vier Stunden Schlaf pro Nacht und unz\u00e4hligen Momenten am Rande des Wahnsinns lag das Schreiben dieses Editorials die meiste Zeit in ganz weiter [&hellip;]<\/p>\n","protected":false},"author":437,"featured_media":3132,"parent":0,"menu_order":0,"comment_status":"closed","ping_status":"closed","template":"template-centered.php","meta":{"_acf_changed":false,"_uag_custom_page_level_css":"","footnotes":""},"class_list":["post-87","page","type-page","status-publish","has-post-thumbnail","hentry"],"acf":[],"pbg_featured_image_src":{"full":["https:\/\/wp.zim.uni-passau.de\/unnahbar\/wp-content\/uploads\/sites\/8\/2021\/07\/About_Banner_Zeichenflaeche-1.png",10667,6000,false],"thumbnail":["https:\/\/wp.zim.uni-passau.de\/unnahbar\/wp-content\/uploads\/sites\/8\/2021\/07\/About_Banner_Zeichenflaeche-1-150x150.png",150,150,true],"medium":["https:\/\/wp.zim.uni-passau.de\/unnahbar\/wp-content\/uploads\/sites\/8\/2021\/07\/About_Banner_Zeichenflaeche-1-300x169.png",300,169,true],"medium_large":["https:\/\/wp.zim.uni-passau.de\/unnahbar\/wp-content\/uploads\/sites\/8\/2021\/07\/About_Banner_Zeichenflaeche-1-768x432.png",768,432,true],"large":["https:\/\/wp.zim.uni-passau.de\/unnahbar\/wp-content\/uploads\/sites\/8\/2021\/07\/About_Banner_Zeichenflaeche-1-1024x576.png",960,540,true],"1536x1536":["https:\/\/wp.zim.uni-passau.de\/unnahbar\/wp-content\/uploads\/sites\/8\/2021\/07\/About_Banner_Zeichenflaeche-1-1536x864.png",1536,864,true],"2048x2048":["https:\/\/wp.zim.uni-passau.de\/unnahbar\/wp-content\/uploads\/sites\/8\/2021\/07\/About_Banner_Zeichenflaeche-1-2048x1152.png",2048,1152,true],"quadro-sq-thumb":["https:\/\/wp.zim.uni-passau.de\/unnahbar\/wp-content\/uploads\/sites\/8\/2021\/07\/About_Banner_Zeichenflaeche-1-700x700.png",700,700,true],"quadro-med-thumb":["https:\/\/wp.zim.uni-passau.de\/unnahbar\/wp-content\/uploads\/sites\/8\/2021\/07\/About_Banner_Zeichenflaeche-1-700x507.png",700,507,true],"quadro-full-thumb":["https:\/\/wp.zim.uni-passau.de\/unnahbar\/wp-content\/uploads\/sites\/8\/2021\/07\/About_Banner_Zeichenflaeche-1-1400x787.png",1400,787,true]},"pbg_author_info":{"display_name":"Felix Neubauer","author_link":"https:\/\/wp.zim.uni-passau.de\/unnahbar\/author\/neubau22\/","author_img":"<img alt='Felix Neubauer' src='https:\/\/secure.gravatar.com\/avatar\/83b32d9b92b6d743e51e2cc882b84f5c35da350916240f810ba3bdf593b81e4d?s=128&#038;d=mm&#038;r=g' srcset='https:\/\/secure.gravatar.com\/avatar\/83b32d9b92b6d743e51e2cc882b84f5c35da350916240f810ba3bdf593b81e4d?s=256&#038;d=mm&#038;r=g 2x' class='avatar avatar-128 photo' height='128' width='128' loading='lazy' decoding='async'\/>"},"pbg_comment_info":" No Comments","pbg_excerpt":"In f\u00fcnf Tagen im Newsroom mit durchschnittlich vier Stunden Schlaf pro Nacht und unz\u00e4hligen Momenten am Rande des Wahnsinns lag das Schreiben dieses Editorials die meiste Zeit in ganz weiter [&hellip;]","uagb_featured_image_src":{"full":["https:\/\/wp.zim.uni-passau.de\/unnahbar\/wp-content\/uploads\/sites\/8\/2021\/07\/About_Banner_Zeichenflaeche-1.png",10667,6000,false],"thumbnail":["https:\/\/wp.zim.uni-passau.de\/unnahbar\/wp-content\/uploads\/sites\/8\/2021\/07\/About_Banner_Zeichenflaeche-1-150x150.png",150,150,true],"medium":["https:\/\/wp.zim.uni-passau.de\/unnahbar\/wp-content\/uploads\/sites\/8\/2021\/07\/About_Banner_Zeichenflaeche-1-300x169.png",300,169,true],"medium_large":["https:\/\/wp.zim.uni-passau.de\/unnahbar\/wp-content\/uploads\/sites\/8\/2021\/07\/About_Banner_Zeichenflaeche-1-768x432.png",768,432,true],"large":["https:\/\/wp.zim.uni-passau.de\/unnahbar\/wp-content\/uploads\/sites\/8\/2021\/07\/About_Banner_Zeichenflaeche-1-1024x576.png",960,540,true],"1536x1536":["https:\/\/wp.zim.uni-passau.de\/unnahbar\/wp-content\/uploads\/sites\/8\/2021\/07\/About_Banner_Zeichenflaeche-1-1536x864.png",1536,864,true],"2048x2048":["https:\/\/wp.zim.uni-passau.de\/unnahbar\/wp-content\/uploads\/sites\/8\/2021\/07\/About_Banner_Zeichenflaeche-1-2048x1152.png",2048,1152,true],"quadro-sq-thumb":["https:\/\/wp.zim.uni-passau.de\/unnahbar\/wp-content\/uploads\/sites\/8\/2021\/07\/About_Banner_Zeichenflaeche-1-700x700.png",700,700,true],"quadro-med-thumb":["https:\/\/wp.zim.uni-passau.de\/unnahbar\/wp-content\/uploads\/sites\/8\/2021\/07\/About_Banner_Zeichenflaeche-1-700x507.png",700,507,true],"quadro-full-thumb":["https:\/\/wp.zim.uni-passau.de\/unnahbar\/wp-content\/uploads\/sites\/8\/2021\/07\/About_Banner_Zeichenflaeche-1-1400x787.png",1400,787,true]},"uagb_author_info":{"display_name":"Felix Neubauer","author_link":"https:\/\/wp.zim.uni-passau.de\/unnahbar\/author\/neubau22\/"},"uagb_comment_info":0,"uagb_excerpt":"In f\u00fcnf Tagen im Newsroom mit durchschnittlich vier Stunden Schlaf pro Nacht und unz\u00e4hligen Momenten am Rande des Wahnsinns lag das Schreiben dieses Editorials die meiste Zeit in ganz weiter [&hellip;]","_links":{"self":[{"href":"https:\/\/wp.zim.uni-passau.de\/unnahbar\/wp-json\/wp\/v2\/pages\/87","targetHints":{"allow":["GET"]}}],"collection":[{"href":"https:\/\/wp.zim.uni-passau.de\/unnahbar\/wp-json\/wp\/v2\/pages"}],"about":[{"href":"https:\/\/wp.zim.uni-passau.de\/unnahbar\/wp-json\/wp\/v2\/types\/page"}],"author":[{"embeddable":true,"href":"https:\/\/wp.zim.uni-passau.de\/unnahbar\/wp-json\/wp\/v2\/users\/437"}],"replies":[{"embeddable":true,"href":"https:\/\/wp.zim.uni-passau.de\/unnahbar\/wp-json\/wp\/v2\/comments?post=87"}],"version-history":[{"count":11,"href":"https:\/\/wp.zim.uni-passau.de\/unnahbar\/wp-json\/wp\/v2\/pages\/87\/revisions"}],"predecessor-version":[{"id":4298,"href":"https:\/\/wp.zim.uni-passau.de\/unnahbar\/wp-json\/wp\/v2\/pages\/87\/revisions\/4298"}],"wp:featuredmedia":[{"embeddable":true,"href":"https:\/\/wp.zim.uni-passau.de\/unnahbar\/wp-json\/wp\/v2\/media\/3132"}],"wp:attachment":[{"href":"https:\/\/wp.zim.uni-passau.de\/unnahbar\/wp-json\/wp\/v2\/media?parent=87"}],"curies":[{"name":"wp","href":"https:\/\/api.w.org\/{rel}","templated":true}]}}