{"id":75,"date":"2021-07-05T16:21:59","date_gmt":"2021-07-05T14:21:59","guid":{"rendered":"https:\/\/wp.zim.uni-passau.de\/unnahbar\/?page_id=75"},"modified":"2021-07-16T14:52:42","modified_gmt":"2021-07-16T12:52:42","slug":"beziehungen","status":"publish","type":"page","link":"https:\/\/wp.zim.uni-passau.de\/unnahbar\/beziehungen\/","title":{"rendered":"Beziehungen"},"content":{"rendered":"\n<h2 class=\"has-text-align-center wp-block-heading\" style=\"font-size:25px\">In welchen Beziehungen spielt Distanz eine Rolle? Klare Antwort: in allen. Unsere Beziehungen, egal welcher Art, definieren sich auch durch ihr Ma\u00df an N\u00e4he und Distanz. Dieses Wechselspiel ist individuell, f\u00fchlt sich f\u00fcr jeden anders an, beeinflusst Leben auf verschiedene Arten. Unsere Beitr\u00e4ge sind vor allem eins: ganz nah am Menschen.<\/h2>\n\n\n\n<div style=\"height:100px\" aria-hidden=\"true\" class=\"wp-block-spacer\"><\/div>\n\n\n\n\t\t\t<div class=\"wp-block-uagb-post-masonry uagb-post-grid  uagb-post__image-position-top uagb-post__image-enabled uagb-block-d0de9d7b     uagb-post__items uagb-post__columns-2 is-masonry uagb-post__columns-tablet-2 uagb-post__columns-mobile-1\" data-total=\"1\" style=\"\">\n\n\t\t\t\t\t\t\t\t\t\t\t\t<article class=\"uagb-post__inner-wrap\">\t\t\t\t\t\t\t\t<div class='uagb-post__image'>\n\t\t\t\t\t\t\t\t\t<a href=\"https:\/\/wp.zim.uni-passau.de\/unnahbar\/denn-sie-wohnen-im-haus-von-morgen\/\" target=\"_self\" rel=\"bookmark noopener noreferrer\"><img loading=\"lazy\" decoding=\"async\" width=\"960\" height=\"625\" src=\"https:\/\/wp.zim.uni-passau.de\/unnahbar\/wp-content\/uploads\/sites\/8\/2021\/07\/ryan-parker-LSYSeTfEe4k-unsplash-1024x667.jpg\" class=\"attachment-large size-large\" alt=\"\" srcset=\"https:\/\/wp.zim.uni-passau.de\/unnahbar\/wp-content\/uploads\/sites\/8\/2021\/07\/ryan-parker-LSYSeTfEe4k-unsplash-1024x667.jpg 1024w, https:\/\/wp.zim.uni-passau.de\/unnahbar\/wp-content\/uploads\/sites\/8\/2021\/07\/ryan-parker-LSYSeTfEe4k-unsplash-300x195.jpg 300w, https:\/\/wp.zim.uni-passau.de\/unnahbar\/wp-content\/uploads\/sites\/8\/2021\/07\/ryan-parker-LSYSeTfEe4k-unsplash-768x500.jpg 768w, https:\/\/wp.zim.uni-passau.de\/unnahbar\/wp-content\/uploads\/sites\/8\/2021\/07\/ryan-parker-LSYSeTfEe4k-unsplash-1536x1000.jpg 1536w, https:\/\/wp.zim.uni-passau.de\/unnahbar\/wp-content\/uploads\/sites\/8\/2021\/07\/ryan-parker-LSYSeTfEe4k-unsplash-2048x1334.jpg 2048w, https:\/\/wp.zim.uni-passau.de\/unnahbar\/wp-content\/uploads\/sites\/8\/2021\/07\/ryan-parker-LSYSeTfEe4k-unsplash-1400x912.jpg 1400w\" sizes=\"auto, (max-width: 960px) 100vw, 960px\" data-original=\"https:\/\/wp.zim.uni-passau.de\/unnahbar\/wp-content\/uploads\/sites\/8\/2021\/07\/ryan-parker-LSYSeTfEe4k-unsplash-1024x667.jpg\" \/>\t\t\t\t\t<\/a>\n\t\t\t\t\t\t\t\t\t<\/div>\n\t\t\t\t\t\t<h2 class=\"uagb-post__title uagb-post__text\">\n\t\t\t\t<a href=\"https:\/\/wp.zim.uni-passau.de\/unnahbar\/denn-sie-wohnen-im-haus-von-morgen\/\" target=\"_self\" rel=\"bookmark noopener noreferrer\">Denn sie wohnen im Haus von morgen<\/a>\n\t\t\t<\/h2>\n\t\t\t\t\t\t<div class='uagb-post__text uagb-post-grid-byline'>\n\t\t\t\t\t\t\t<\/div>\n\t\t\t\t\t\t\t<div class='uagb-post__text uagb-post__excerpt'>\n\t\t\t\t\tWenn Menschen den Kontakt zu ihrer Familie abbrechen, bleiben die Verlassenen hilflos zur\u00fcck. Wie es zu einer Funkstille kommen kann, auch wenn das Verh\u00e4ltnis sehr liebevoll war, erz\u00e4hlt dieser Beitrag.\t\t\t\t<\/div>\n\t\t\t\t\t\t<div class=\"uagb-post__text uagb-post__cta wp-block-button\">\n\t\t\t\t<a class=\"wp-block-button__link uagb-text-link\" style=\"\" href=\"https:\/\/wp.zim.uni-passau.de\/unnahbar\/denn-sie-wohnen-im-haus-von-morgen\/\" target=\"_self\" rel=\"bookmark noopener noreferrer\">Zur Geschichte<\/a>\n\t\t\t<\/div>\n\t\t\t\n\t\t\t\t\t\t\t\t\t<\/article>\n\t\t\t\t\t\t\t\t\t\t\t\t\t\t\t\t<article class=\"uagb-post__inner-wrap\">\t\t\t\t\t\t\t\t<div class='uagb-post__image'>\n\t\t\t\t\t\t\t\t\t<a href=\"https:\/\/wp.zim.uni-passau.de\/unnahbar\/was-bleibt-wenn-alles-vergessen-ist\/\" target=\"_self\" rel=\"bookmark noopener noreferrer\"><img loading=\"lazy\" decoding=\"async\" width=\"683\" height=\"1024\" src=\"https:\/\/wp.zim.uni-passau.de\/unnahbar\/wp-content\/uploads\/sites\/8\/2021\/07\/Foto_Sofia-3-683x1024.jpg\" class=\"attachment-large size-large\" alt=\"\" srcset=\"https:\/\/wp.zim.uni-passau.de\/unnahbar\/wp-content\/uploads\/sites\/8\/2021\/07\/Foto_Sofia-3-683x1024.jpg 683w, https:\/\/wp.zim.uni-passau.de\/unnahbar\/wp-content\/uploads\/sites\/8\/2021\/07\/Foto_Sofia-3-200x300.jpg 200w, https:\/\/wp.zim.uni-passau.de\/unnahbar\/wp-content\/uploads\/sites\/8\/2021\/07\/Foto_Sofia-3-768x1152.jpg 768w, https:\/\/wp.zim.uni-passau.de\/unnahbar\/wp-content\/uploads\/sites\/8\/2021\/07\/Foto_Sofia-3-1024x1536.jpg 1024w, https:\/\/wp.zim.uni-passau.de\/unnahbar\/wp-content\/uploads\/sites\/8\/2021\/07\/Foto_Sofia-3-1365x2048.jpg 1365w, https:\/\/wp.zim.uni-passau.de\/unnahbar\/wp-content\/uploads\/sites\/8\/2021\/07\/Foto_Sofia-3-1400x2100.jpg 1400w, https:\/\/wp.zim.uni-passau.de\/unnahbar\/wp-content\/uploads\/sites\/8\/2021\/07\/Foto_Sofia-3-scaled.jpg 1707w\" sizes=\"auto, (max-width: 683px) 100vw, 683px\" data-original=\"https:\/\/wp.zim.uni-passau.de\/unnahbar\/wp-content\/uploads\/sites\/8\/2021\/07\/Foto_Sofia-3-683x1024.jpg\" \/>\t\t\t\t\t<\/a>\n\t\t\t\t\t\t\t\t\t<\/div>\n\t\t\t\t\t\t<h2 class=\"uagb-post__title uagb-post__text\">\n\t\t\t\t<a href=\"https:\/\/wp.zim.uni-passau.de\/unnahbar\/was-bleibt-wenn-alles-vergessen-ist\/\" target=\"_self\" rel=\"bookmark noopener noreferrer\">Was bleibt, wenn alles vergessen ist?<\/a>\n\t\t\t<\/h2>\n\t\t\t\t\t\t<div class='uagb-post__text uagb-post-grid-byline'>\n\t\t\t\t\t\t\t<\/div>\n\t\t\t\t\t\t\t<div class='uagb-post__text uagb-post__excerpt'>\n\t\t\t\t\tAngeh\u00f6rige sind stetige Begleiter in der Demenz. Aber wie ist das eigentlich, wenn ein geliebter Mensch das Ged\u00e4chtnis verliert? Drei Angeh\u00f6rige erz\u00e4hlen von drei Phasen der Demenz. Gef\u00fchlsverlauf statt Krankheitsverlauf.\t\t\t\t<\/div>\n\t\t\t\t\t\t<div class=\"uagb-post__text uagb-post__cta wp-block-button\">\n\t\t\t\t<a class=\"wp-block-button__link uagb-text-link\" style=\"\" href=\"https:\/\/wp.zim.uni-passau.de\/unnahbar\/was-bleibt-wenn-alles-vergessen-ist\/\" target=\"_self\" rel=\"bookmark noopener noreferrer\">Zur Geschichte<\/a>\n\t\t\t<\/div>\n\t\t\t\n\t\t\t\t\t\t\t\t\t<\/article>\n\t\t\t\t\t\t\t\t\t\t\t\t\t\t\t\t<article class=\"uagb-post__inner-wrap\">\t\t\t\t\t\t\t\t<div class='uagb-post__image'>\n\t\t\t\t\t\t\t\t\t<a href=\"https:\/\/wp.zim.uni-passau.de\/unnahbar\/dissoziation-die-entfremdung-von-sich-selbst\/\" target=\"_self\" rel=\"bookmark noopener noreferrer\"><img loading=\"lazy\" decoding=\"async\" width=\"960\" height=\"537\" src=\"https:\/\/wp.zim.uni-passau.de\/unnahbar\/wp-content\/uploads\/sites\/8\/2021\/07\/titelbild5-1024x573.png\" class=\"attachment-large size-large\" alt=\"\" srcset=\"https:\/\/wp.zim.uni-passau.de\/unnahbar\/wp-content\/uploads\/sites\/8\/2021\/07\/titelbild5-1024x573.png 1024w, https:\/\/wp.zim.uni-passau.de\/unnahbar\/wp-content\/uploads\/sites\/8\/2021\/07\/titelbild5-300x168.png 300w, https:\/\/wp.zim.uni-passau.de\/unnahbar\/wp-content\/uploads\/sites\/8\/2021\/07\/titelbild5-768x430.png 768w, https:\/\/wp.zim.uni-passau.de\/unnahbar\/wp-content\/uploads\/sites\/8\/2021\/07\/titelbild5-1536x860.png 1536w, https:\/\/wp.zim.uni-passau.de\/unnahbar\/wp-content\/uploads\/sites\/8\/2021\/07\/titelbild5-2048x1147.png 2048w, https:\/\/wp.zim.uni-passau.de\/unnahbar\/wp-content\/uploads\/sites\/8\/2021\/07\/titelbild5-1400x784.png 1400w\" sizes=\"auto, (max-width: 960px) 100vw, 960px\" data-original=\"https:\/\/wp.zim.uni-passau.de\/unnahbar\/wp-content\/uploads\/sites\/8\/2021\/07\/titelbild5-1024x573.png\" \/>\t\t\t\t\t<\/a>\n\t\t\t\t\t\t\t\t\t<\/div>\n\t\t\t\t\t\t<h2 class=\"uagb-post__title uagb-post__text\">\n\t\t\t\t<a href=\"https:\/\/wp.zim.uni-passau.de\/unnahbar\/dissoziation-die-entfremdung-von-sich-selbst\/\" target=\"_self\" rel=\"bookmark noopener noreferrer\">&#8222;Ich wurde zu Viele, um zu \u00fcberleben&#8220;<\/a>\n\t\t\t<\/h2>\n\t\t\t\t\t\t<div class='uagb-post__text uagb-post-grid-byline'>\n\t\t\t\t\t\t\t<\/div>\n\t\t\t\t\t\t\t<div class='uagb-post__text uagb-post__excerpt'>\n\t\t\t\t\tZoe war Viele. Um die 30 Pers\u00f6nlichkeiten hatte sie, davon sieben, die den Alltag meisterten. Und dann gab es da noch die traumatisierten Anteile&#8230;\t\t\t\t<\/div>\n\t\t\t\t\t\t<div class=\"uagb-post__text uagb-post__cta wp-block-button\">\n\t\t\t\t<a class=\"wp-block-button__link uagb-text-link\" style=\"\" href=\"https:\/\/wp.zim.uni-passau.de\/unnahbar\/dissoziation-die-entfremdung-von-sich-selbst\/\" target=\"_self\" rel=\"bookmark noopener noreferrer\">Zur Geschichte<\/a>\n\t\t\t<\/div>\n\t\t\t\n\t\t\t\t\t\t\t\t\t<\/article>\n\t\t\t\t\t\t\t\t\t\t\t\t\t\t\t\t<article class=\"uagb-post__inner-wrap\">\t\t\t\t\t\t\t\t<div class='uagb-post__image'>\n\t\t\t\t\t\t\t\t\t<a href=\"https:\/\/wp.zim.uni-passau.de\/unnahbar\/distanz-als-befreiung-wenn-corona-beschraenkungen-zur-wohltat-werden\/\" target=\"_self\" rel=\"bookmark noopener noreferrer\"><img loading=\"lazy\" decoding=\"async\" width=\"960\" height=\"708\" src=\"https:\/\/wp.zim.uni-passau.de\/unnahbar\/wp-content\/uploads\/sites\/8\/2021\/07\/Titelbild-1-1024x755.jpg\" class=\"attachment-large size-large\" alt=\"\" srcset=\"https:\/\/wp.zim.uni-passau.de\/unnahbar\/wp-content\/uploads\/sites\/8\/2021\/07\/Titelbild-1-1024x755.jpg 1024w, https:\/\/wp.zim.uni-passau.de\/unnahbar\/wp-content\/uploads\/sites\/8\/2021\/07\/Titelbild-1-300x221.jpg 300w, https:\/\/wp.zim.uni-passau.de\/unnahbar\/wp-content\/uploads\/sites\/8\/2021\/07\/Titelbild-1-768x566.jpg 768w, https:\/\/wp.zim.uni-passau.de\/unnahbar\/wp-content\/uploads\/sites\/8\/2021\/07\/Titelbild-1-1536x1132.jpg 1536w, https:\/\/wp.zim.uni-passau.de\/unnahbar\/wp-content\/uploads\/sites\/8\/2021\/07\/Titelbild-1-2048x1509.jpg 2048w, https:\/\/wp.zim.uni-passau.de\/unnahbar\/wp-content\/uploads\/sites\/8\/2021\/07\/Titelbild-1-1400x1032.jpg 1400w\" sizes=\"auto, (max-width: 960px) 100vw, 960px\" data-original=\"https:\/\/wp.zim.uni-passau.de\/unnahbar\/wp-content\/uploads\/sites\/8\/2021\/07\/Titelbild-1-1024x755.jpg\" \/>\t\t\t\t\t<\/a>\n\t\t\t\t\t\t\t\t\t<\/div>\n\t\t\t\t\t\t<h2 class=\"uagb-post__title uagb-post__text\">\n\t\t\t\t<a href=\"https:\/\/wp.zim.uni-passau.de\/unnahbar\/distanz-als-befreiung-wenn-corona-beschraenkungen-zur-wohltat-werden\/\" target=\"_self\" rel=\"bookmark noopener noreferrer\">Distanz als Befreiung<\/a>\n\t\t\t<\/h2>\n\t\t\t\t\t\t<div class='uagb-post__text uagb-post-grid-byline'>\n\t\t\t\t\t\t\t<\/div>\n\t\t\t\t\t\t\t<div class='uagb-post__text uagb-post__excerpt'>\n\t\t\t\t\t1,5 Meter Abstand &#8211; was f\u00fcr viele Menschen Entbehrung bedeutet, empfindet  Silke Wanninger-Bachem als Wohltat. Denn aufgrund ihrer Autismus-Spektrum-St\u00f6rung empfindet sie N\u00e4he und Distanz anders als die meisten. \t\t\t\t<\/div>\n\t\t\t\t\t\t<div class=\"uagb-post__text uagb-post__cta wp-block-button\">\n\t\t\t\t<a class=\"wp-block-button__link uagb-text-link\" style=\"\" href=\"https:\/\/wp.zim.uni-passau.de\/unnahbar\/distanz-als-befreiung-wenn-corona-beschraenkungen-zur-wohltat-werden\/\" target=\"_self\" rel=\"bookmark noopener noreferrer\">Zur Geschichte<\/a>\n\t\t\t<\/div>\n\t\t\t\n\t\t\t\t\t\t\t\t\t<\/article>\n\t\t\t\t\t\t\t\t\t\t\t\t\t\t\t\t<article class=\"uagb-post__inner-wrap\">\t\t\t\t\t\t\t\t<div class='uagb-post__image'>\n\t\t\t\t\t\t\t\t\t<a href=\"https:\/\/wp.zim.uni-passau.de\/unnahbar\/familie-ist-da-wo-liebe-ist\/\" target=\"_self\" rel=\"bookmark noopener noreferrer\"><img loading=\"lazy\" decoding=\"async\" width=\"960\" height=\"720\" src=\"https:\/\/wp.zim.uni-passau.de\/unnahbar\/wp-content\/uploads\/sites\/8\/2021\/07\/cheng-qi-huang-L58875oF03w-unsplash-2-1024x768.jpg\" class=\"attachment-large size-large\" alt=\"\" srcset=\"https:\/\/wp.zim.uni-passau.de\/unnahbar\/wp-content\/uploads\/sites\/8\/2021\/07\/cheng-qi-huang-L58875oF03w-unsplash-2-1024x768.jpg 1024w, https:\/\/wp.zim.uni-passau.de\/unnahbar\/wp-content\/uploads\/sites\/8\/2021\/07\/cheng-qi-huang-L58875oF03w-unsplash-2-300x225.jpg 300w, https:\/\/wp.zim.uni-passau.de\/unnahbar\/wp-content\/uploads\/sites\/8\/2021\/07\/cheng-qi-huang-L58875oF03w-unsplash-2-768x576.jpg 768w, https:\/\/wp.zim.uni-passau.de\/unnahbar\/wp-content\/uploads\/sites\/8\/2021\/07\/cheng-qi-huang-L58875oF03w-unsplash-2-1536x1152.jpg 1536w, https:\/\/wp.zim.uni-passau.de\/unnahbar\/wp-content\/uploads\/sites\/8\/2021\/07\/cheng-qi-huang-L58875oF03w-unsplash-2-1400x1050.jpg 1400w, https:\/\/wp.zim.uni-passau.de\/unnahbar\/wp-content\/uploads\/sites\/8\/2021\/07\/cheng-qi-huang-L58875oF03w-unsplash-2.jpg 1920w\" sizes=\"auto, (max-width: 960px) 100vw, 960px\" data-original=\"https:\/\/wp.zim.uni-passau.de\/unnahbar\/wp-content\/uploads\/sites\/8\/2021\/07\/cheng-qi-huang-L58875oF03w-unsplash-2-1024x768.jpg\" \/>\t\t\t\t\t<\/a>\n\t\t\t\t\t\t\t\t\t<\/div>\n\t\t\t\t\t\t<h2 class=\"uagb-post__title uagb-post__text\">\n\t\t\t\t<a href=\"https:\/\/wp.zim.uni-passau.de\/unnahbar\/familie-ist-da-wo-liebe-ist\/\" target=\"_self\" rel=\"bookmark noopener noreferrer\">Familie ist da, wo Liebe ist<\/a>\n\t\t\t<\/h2>\n\t\t\t\t\t\t<div class='uagb-post__text uagb-post-grid-byline'>\n\t\t\t\t\t\t\t<\/div>\n\t\t\t\t\t\t\t<div class='uagb-post__text uagb-post__excerpt'>\n\t\t\t\t\tClaras Eltern sind liebevoll, unterst\u00fctzen sie, geben ihr Kraft &#8211; und sind lesbisch. Erlebt sie deswegen Distanz? \t\t\t\t<\/div>\n\t\t\t\t\t\t<div class=\"uagb-post__text uagb-post__cta wp-block-button\">\n\t\t\t\t<a class=\"wp-block-button__link uagb-text-link\" style=\"\" href=\"https:\/\/wp.zim.uni-passau.de\/unnahbar\/familie-ist-da-wo-liebe-ist\/\" target=\"_self\" rel=\"bookmark noopener noreferrer\">Zur Geschichte<\/a>\n\t\t\t<\/div>\n\t\t\t\n\t\t\t\t\t\t\t\t\t<\/article>\n\t\t\t\t\t\t\t\t\t\t\t<\/div>\n\t\t\t\n\n\n<div style=\"height:100px\" aria-hidden=\"true\" class=\"wp-block-spacer\"><\/div>\n\n\n\n<div class=\"wp-block-columns are-vertically-aligned-center is-layout-flex wp-container-core-columns-is-layout-9d6595d7 wp-block-columns-is-layout-flex\">\n<div class=\"wp-block-column is-vertically-aligned-center is-layout-flow wp-block-column-is-layout-flow\"><\/div>\n\n\n\n<div class=\"wp-block-column is-vertically-aligned-center is-layout-flow wp-block-column-is-layout-flow\"><div class=\"aligncenter wp-block-site-logo\"><a href=\"https:\/\/wp.zim.uni-passau.de\/unnahbar\/\" class=\"custom-logo-link\" rel=\"home\"><img loading=\"lazy\" decoding=\"async\" width=\"235\" height=\"235\" src=\"https:\/\/wp.zim.uni-passau.de\/unnahbar\/wp-content\/uploads\/sites\/8\/2021\/07\/Logo_JMC-2021.png\" class=\"custom-logo\" alt=\"[Un]nahbar\" srcset=\"https:\/\/wp.zim.uni-passau.de\/unnahbar\/wp-content\/uploads\/sites\/8\/2021\/07\/Logo_JMC-2021.png 2223w, https:\/\/wp.zim.uni-passau.de\/unnahbar\/wp-content\/uploads\/sites\/8\/2021\/07\/Logo_JMC-2021-300x300.png 300w, https:\/\/wp.zim.uni-passau.de\/unnahbar\/wp-content\/uploads\/sites\/8\/2021\/07\/Logo_JMC-2021-1024x1024.png 1024w, https:\/\/wp.zim.uni-passau.de\/unnahbar\/wp-content\/uploads\/sites\/8\/2021\/07\/Logo_JMC-2021-150x150.png 150w, https:\/\/wp.zim.uni-passau.de\/unnahbar\/wp-content\/uploads\/sites\/8\/2021\/07\/Logo_JMC-2021-768x768.png 768w, https:\/\/wp.zim.uni-passau.de\/unnahbar\/wp-content\/uploads\/sites\/8\/2021\/07\/Logo_JMC-2021-1536x1536.png 1536w, https:\/\/wp.zim.uni-passau.de\/unnahbar\/wp-content\/uploads\/sites\/8\/2021\/07\/Logo_JMC-2021-2048x2048.png 2048w, https:\/\/wp.zim.uni-passau.de\/unnahbar\/wp-content\/uploads\/sites\/8\/2021\/07\/Logo_JMC-2021-700x700.png 700w, https:\/\/wp.zim.uni-passau.de\/unnahbar\/wp-content\/uploads\/sites\/8\/2021\/07\/Logo_JMC-2021-1400x1400.png 1400w\" sizes=\"auto, (max-width: 235px) 100vw, 235px\" data-original=\"https:\/\/wp.zim.uni-passau.de\/unnahbar\/wp-content\/uploads\/sites\/8\/2021\/07\/Logo_JMC-2021.png\" \/><\/a><\/div><\/div>\n\n\n\n<div class=\"wp-block-column is-vertically-aligned-center is-layout-flow wp-block-column-is-layout-flow\"><\/div>\n<\/div>\n<script language='javascript' type='text\/javascript'>function getWR360PopupSkin(){return 'light_clean';}<\/script>","protected":false},"excerpt":{"rendered":"<p>In welchen Beziehungen spielt Distanz eine Rolle? Klare Antwort: in allen. Unsere Beziehungen, egal welcher Art, definieren sich auch durch ihr Ma\u00df an N\u00e4he und Distanz. Dieses Wechselspiel ist individuell, [&hellip;]<\/p>\n","protected":false},"author":437,"featured_media":1192,"parent":0,"menu_order":0,"comment_status":"closed","ping_status":"closed","template":"template-full-width.php","meta":{"_acf_changed":false,"_uag_custom_page_level_css":"","footnotes":""},"class_list":["post-75","page","type-page","status-publish","has-post-thumbnail","hentry"],"acf":[],"pbg_featured_image_src":{"full":["https:\/\/wp.zim.uni-passau.de\/unnahbar\/wp-content\/uploads\/sites\/8\/2021\/07\/Beziehungen_NEU.png",10667,6035,false],"thumbnail":["https:\/\/wp.zim.uni-passau.de\/unnahbar\/wp-content\/uploads\/sites\/8\/2021\/07\/Beziehungen_NEU-150x150.png",150,150,true],"medium":["https:\/\/wp.zim.uni-passau.de\/unnahbar\/wp-content\/uploads\/sites\/8\/2021\/07\/Beziehungen_NEU-300x170.png",300,170,true],"medium_large":["https:\/\/wp.zim.uni-passau.de\/unnahbar\/wp-content\/uploads\/sites\/8\/2021\/07\/Beziehungen_NEU-768x435.png",768,435,true],"large":["https:\/\/wp.zim.uni-passau.de\/unnahbar\/wp-content\/uploads\/sites\/8\/2021\/07\/Beziehungen_NEU-1024x579.png",960,543,true],"1536x1536":["https:\/\/wp.zim.uni-passau.de\/unnahbar\/wp-content\/uploads\/sites\/8\/2021\/07\/Beziehungen_NEU-1536x869.png",1536,869,true],"2048x2048":["https:\/\/wp.zim.uni-passau.de\/unnahbar\/wp-content\/uploads\/sites\/8\/2021\/07\/Beziehungen_NEU-2048x1159.png",2048,1159,true],"quadro-sq-thumb":["https:\/\/wp.zim.uni-passau.de\/unnahbar\/wp-content\/uploads\/sites\/8\/2021\/07\/Beziehungen_NEU-700x700.png",700,700,true],"quadro-med-thumb":["https:\/\/wp.zim.uni-passau.de\/unnahbar\/wp-content\/uploads\/sites\/8\/2021\/07\/Beziehungen_NEU-700x507.png",700,507,true],"quadro-full-thumb":["https:\/\/wp.zim.uni-passau.de\/unnahbar\/wp-content\/uploads\/sites\/8\/2021\/07\/Beziehungen_NEU-1400x792.png",1400,792,true]},"pbg_author_info":{"display_name":"Felix Neubauer","author_link":"https:\/\/wp.zim.uni-passau.de\/unnahbar\/author\/neubau22\/","author_img":"<img alt='Annette Benner' src='https:\/\/secure.gravatar.com\/avatar\/6aff8b1c689e43d766de25556db74592240ec7200e298ea33610f978899201c8?s=128&#038;d=mm&#038;r=g' srcset='https:\/\/secure.gravatar.com\/avatar\/6aff8b1c689e43d766de25556db74592240ec7200e298ea33610f978899201c8?s=256&#038;d=mm&#038;r=g 2x' class='avatar avatar-128 photo' height='128' width='128' loading='lazy' decoding='async'\/>"},"pbg_comment_info":" No Comments","pbg_excerpt":"In welchen Beziehungen spielt Distanz eine Rolle? Klare Antwort: in allen. Unsere Beziehungen, egal welcher Art, definieren sich auch durch ihr Ma\u00df an N\u00e4he und Distanz. Dieses Wechselspiel ist individuell, [&hellip;]","uagb_featured_image_src":{"full":["https:\/\/wp.zim.uni-passau.de\/unnahbar\/wp-content\/uploads\/sites\/8\/2021\/07\/Beziehungen_NEU.png",10667,6035,false],"thumbnail":["https:\/\/wp.zim.uni-passau.de\/unnahbar\/wp-content\/uploads\/sites\/8\/2021\/07\/Beziehungen_NEU-150x150.png",150,150,true],"medium":["https:\/\/wp.zim.uni-passau.de\/unnahbar\/wp-content\/uploads\/sites\/8\/2021\/07\/Beziehungen_NEU-300x170.png",300,170,true],"medium_large":["https:\/\/wp.zim.uni-passau.de\/unnahbar\/wp-content\/uploads\/sites\/8\/2021\/07\/Beziehungen_NEU-768x435.png",768,435,true],"large":["https:\/\/wp.zim.uni-passau.de\/unnahbar\/wp-content\/uploads\/sites\/8\/2021\/07\/Beziehungen_NEU-1024x579.png",960,543,true],"1536x1536":["https:\/\/wp.zim.uni-passau.de\/unnahbar\/wp-content\/uploads\/sites\/8\/2021\/07\/Beziehungen_NEU-1536x869.png",1536,869,true],"2048x2048":["https:\/\/wp.zim.uni-passau.de\/unnahbar\/wp-content\/uploads\/sites\/8\/2021\/07\/Beziehungen_NEU-2048x1159.png",2048,1159,true],"quadro-sq-thumb":["https:\/\/wp.zim.uni-passau.de\/unnahbar\/wp-content\/uploads\/sites\/8\/2021\/07\/Beziehungen_NEU-700x700.png",700,700,true],"quadro-med-thumb":["https:\/\/wp.zim.uni-passau.de\/unnahbar\/wp-content\/uploads\/sites\/8\/2021\/07\/Beziehungen_NEU-700x507.png",700,507,true],"quadro-full-thumb":["https:\/\/wp.zim.uni-passau.de\/unnahbar\/wp-content\/uploads\/sites\/8\/2021\/07\/Beziehungen_NEU-1400x792.png",1400,792,true]},"uagb_author_info":{"display_name":"Felix Neubauer","author_link":"https:\/\/wp.zim.uni-passau.de\/unnahbar\/author\/neubau22\/"},"uagb_comment_info":0,"uagb_excerpt":"In welchen Beziehungen spielt Distanz eine Rolle? Klare Antwort: in allen. Unsere Beziehungen, egal welcher Art, definieren sich auch durch ihr Ma\u00df an N\u00e4he und Distanz. Dieses Wechselspiel ist individuell, [&hellip;]","_links":{"self":[{"href":"https:\/\/wp.zim.uni-passau.de\/unnahbar\/wp-json\/wp\/v2\/pages\/75","targetHints":{"allow":["GET"]}}],"collection":[{"href":"https:\/\/wp.zim.uni-passau.de\/unnahbar\/wp-json\/wp\/v2\/pages"}],"about":[{"href":"https:\/\/wp.zim.uni-passau.de\/unnahbar\/wp-json\/wp\/v2\/types\/page"}],"author":[{"embeddable":true,"href":"https:\/\/wp.zim.uni-passau.de\/unnahbar\/wp-json\/wp\/v2\/users\/437"}],"replies":[{"embeddable":true,"href":"https:\/\/wp.zim.uni-passau.de\/unnahbar\/wp-json\/wp\/v2\/comments?post=75"}],"version-history":[{"count":21,"href":"https:\/\/wp.zim.uni-passau.de\/unnahbar\/wp-json\/wp\/v2\/pages\/75\/revisions"}],"predecessor-version":[{"id":3222,"href":"https:\/\/wp.zim.uni-passau.de\/unnahbar\/wp-json\/wp\/v2\/pages\/75\/revisions\/3222"}],"wp:featuredmedia":[{"embeddable":true,"href":"https:\/\/wp.zim.uni-passau.de\/unnahbar\/wp-json\/wp\/v2\/media\/1192"}],"wp:attachment":[{"href":"https:\/\/wp.zim.uni-passau.de\/unnahbar\/wp-json\/wp\/v2\/media?parent=75"}],"curies":[{"name":"wp","href":"https:\/\/api.w.org\/{rel}","templated":true}]}}